{"id":86,"date":"2016-11-02T07:55:31","date_gmt":"2016-11-02T06:55:31","guid":{"rendered":"http:\/\/www.ashdelphin.de\/cms\/impressum\/"},"modified":"2025-11-17T17:12:56","modified_gmt":"2025-11-17T16:12:56","slug":"impressum","status":"publish","type":"page","link":"https:\/\/ashdelphin.de\/cms\/impressum\/","title":{"rendered":"Impressum"},"content":{"rendered":"<div class=\"art-content-layout\">\n<div class=\"art-content-layout-row\">\n<div class=\"art-layout-cell layout-item-0\" style=\"width: 100%;\">\n<table style=\"width: 100%; height: 6171px;\" width=\"100%\">\n<tbody>\n<tr style=\"height: 44px;\">\n<td class=\"subheadline\" style=\"width: 42.069%; height: 44px;\" width=\"247\">Name:<\/td>\n<td class=\"pages\" style=\"width: 56.5517%; height: 44px;\" width=\"357\">Arbeitnehmer-Steuerhilfe\u00a0Delphin e. V. -Lohnsteuerhilfeverein &#8211;<\/td>\n<\/tr>\n<tr style=\"height: 24px;\">\n<td class=\"subheadline\" style=\"width: 42.069%; height: 24px;\" width=\"247\"><\/td>\n<td class=\"pages\" style=\"width: 56.5517%; height: 24px;\" width=\"357\"><\/td>\n<\/tr>\n<tr style=\"height: 24px;\">\n<td class=\"subheadline\" style=\"width: 42.069%; height: 24px;\" width=\"247\">Rechtsform:<\/td>\n<td class=\"pages\" style=\"width: 56.5517%; height: 24px;\" width=\"357\">eingetragener\u00a0 Verein deutschen Rechts<\/td>\n<\/tr>\n<tr style=\"height: 24px;\">\n<td class=\"subheadline\" style=\"width: 42.069%; height: 24px;\" width=\"247\"><\/td>\n<td class=\"pages\" style=\"width: 56.5517%; height: 24px;\" width=\"357\"><\/td>\n<\/tr>\n<tr style=\"height: 24px;\">\n<td class=\"subheadline\" style=\"width: 42.069%; height: 24px;\" width=\"247\">Sitz:<\/td>\n<td class=\"pages\" style=\"width: 56.5517%; height: 24px;\" width=\"357\">M\u00fcnchen<\/td>\n<\/tr>\n<tr style=\"height: 24px;\">\n<td class=\"subheadline\" style=\"width: 42.069%; height: 24px;\" width=\"247\"><\/td>\n<td class=\"pages\" style=\"width: 56.5517%; height: 24px;\" width=\"357\"><\/td>\n<\/tr>\n<tr style=\"height: 24px;\">\n<td class=\"subheadline\" style=\"width: 42.069%; height: 24px;\" width=\"247\">Registergericht:<\/td>\n<td class=\"pages\" style=\"width: 56.5517%; height: 24px;\" width=\"357\">Vereinsregister\u00a0 Amtsgericht M\u00fcnchen<\/td>\n<\/tr>\n<tr style=\"height: 24px;\">\n<td class=\"subheadline\" style=\"width: 42.069%; height: 24px;\" width=\"247\"><\/td>\n<td class=\"pages\" style=\"width: 56.5517%; height: 24px;\" width=\"357\"><\/td>\n<\/tr>\n<tr style=\"height: 24px;\">\n<td class=\"subheadline\" style=\"width: 42.069%; height: 24px;\" width=\"247\">Registernummer:<\/td>\n<td class=\"pages\" style=\"width: 56.5517%; height: 24px;\" width=\"357\">VR 16994<\/td>\n<\/tr>\n<tr style=\"height: 24px;\">\n<td class=\"subheadline\" style=\"width: 42.069%; height: 24px;\" width=\"247\"><\/td>\n<td class=\"pages\" style=\"width: 56.5517%; height: 24px;\" width=\"357\"><\/td>\n<\/tr>\n<tr style=\"height: 84px;\">\n<td class=\"subheadline\" style=\"width: 42.069%; height: 84px;\" width=\"247\">beh\u00f6rdliche Anerkennung f\u00fcr<br \/>\ndie T\u00e4tigkeit<br \/>\nals Lohnsteuerhilfeverein durch:<\/td>\n<td class=\"pages\" style=\"width: 56.5517%; height: 84px;\" width=\"357\">Oberfinanzdirektion M\u00fcnchen<br \/>\nS 0935 &#8211; A 36 St 317<\/td>\n<\/tr>\n<tr style=\"height: 24px;\">\n<td class=\"subheadline\" style=\"width: 42.069%; height: 24px;\" valign=\"bottom\" width=\"247\"><\/td>\n<td class=\"pages\" style=\"width: 56.5517%; height: 24px;\" width=\"357\"><\/td>\n<\/tr>\n<tr style=\"height: 276px;\">\n<td class=\"subheadline\" style=\"width: 42.069%; height: 276px;\" valign=\"top\" width=\"247\">Berufsrecht:<\/td>\n<td class=\"pages\" style=\"width: 56.5517%; height: 276px;\" width=\"357\">Steuerberatungsgesetz (StBerG)Der Verein unterliegt im Wesentlichen\u00a0den berufsrechtlichen Regelungen des Steuerberatungsgesetzes (StBerG); Einsichtnahme<br \/>\nund Download unter <a href=\"https:\/\/www.bvl-verband.de\/lohnsteuerhilfevereine\/wen-duerfen-lohnsteuerhilfevereine-beraten\/\" target=\"_blank\" rel=\"noopener noreferrer\">bvl-verband.de<\/a><\/td>\n<\/tr>\n<tr style=\"height: 24px;\">\n<td class=\"subheadline\" style=\"width: 42.069%; height: 24px;\" width=\"247\"><\/td>\n<td class=\"pages\" style=\"width: 56.5517%; height: 24px;\" width=\"357\"><\/td>\n<\/tr>\n<tr style=\"height: 144px;\">\n<td class=\"subheadline\" style=\"width: 42.069%; height: 144px;\" valign=\"top\" width=\"247\">Beratungsstellen:<\/td>\n<td class=\"pages\" style=\"width: 56.5517%; height: 144px;\" width=\"357\">in\u00a0deutschen Bundesl\u00e4ndern, gef\u00fchrt im Verzeichnis der Lohnsteuerhilfevereine der f\u00fcr das Sitzland zust\u00e4ndigen Aufsichtsbeh\u00f6rde (Oberfinanzdirektion, in Bremen und Hamburg der Senator f\u00fcr Finanzen, im Saarland das Finanzministerium)<\/td>\n<\/tr>\n<tr style=\"height: 24px;\">\n<td class=\"subheadline\" style=\"width: 42.069%; height: 24px;\" width=\"247\"><\/td>\n<td class=\"pages\" style=\"width: 56.5517%; height: 24px;\" width=\"357\"><\/td>\n<\/tr>\n<tr style=\"height: 448px;\">\n<td class=\"subheadline\" style=\"width: 42.069%; height: 448px;\" valign=\"top\" width=\"247\">Vertretungsverh\u00e4ltnisse:<\/td>\n<td class=\"pages\" style=\"width: 56.5517%; height: 448px;\" width=\"357\">Der Vorstand vertritt den Verein gerichtlich und au\u00dfergerichtlich. Jedes Vorstandsmitglied ist einzelvertretungsberechtigt.Christoph B\u00e4tzing, VorstandsmitgliedLisa-Marie Wagner, Vorstandsmitglied<\/p>\n<p>Den Verein selbst berechtigende oder verpflichtende Erkl\u00e4rungen, ausgenommen solche in Steuerangelegenheiten seiner Mitglieder, m\u00fcssen vom Vorstand unterzeichnet sein.<\/td>\n<\/tr>\n<tr style=\"height: 24px;\">\n<td class=\"subheadline\" style=\"width: 42.069%; height: 24px;\" width=\"247\"><\/td>\n<td class=\"pages\" style=\"width: 56.5517%; height: 24px;\" valign=\"bottom\" width=\"357\"><\/td>\n<\/tr>\n<tr style=\"height: 184px;\">\n<td class=\"subheadline\" style=\"width: 42.069%; height: 184px;\">Verbandszugeh\u00f6rigkeit des Vereins<\/td>\n<td class=\"pages\" style=\"width: 56.5517%; height: 184px;\" valign=\"middle\">BVL<br \/>\nBundesverband Lohnsteuerhilfevereine e.V., Berlin<br \/>\n<a href=\"http:\/\/www.bblev.de\"><br \/>\n<\/a><\/td>\n<\/tr>\n<tr style=\"height: 24px;\">\n<td class=\"subheadline\" style=\"width: 42.069%; height: 24px;\" valign=\"top\" width=\"247\"><\/td>\n<td class=\"pages\" style=\"width: 56.5517%; height: 24px;\" width=\"357\"><\/td>\n<\/tr>\n<tr style=\"height: 24px;\">\n<td class=\"subheadline\" style=\"width: 42.069%; height: 24px;\" valign=\"top\" width=\"247\"><\/td>\n<td class=\"pages\" style=\"width: 56.5517%; height: 24px;\" width=\"357\"><\/td>\n<\/tr>\n<tr style=\"height: 164px;\">\n<td class=\"subheadline\" style=\"width: 42.069%; height: 164px;\" valign=\"top\" width=\"247\">Anschrift, Kommunikation:<\/td>\n<td class=\"pages\" style=\"width: 56.5517%; height: 164px;\" width=\"357\">Arbeitnehmer-Steuerhilfe Delphin e. V.<br \/>\n(Lohnsteuerhilfeverein)<br \/>\nKapuzinerstrasse 25<br \/>\n80337 M\u00fcnchen<br \/>\nTelefon: 089 5447908-0<br \/>\nTelefax: 089 5447908-50<br \/>\nInternet: http:\/\/www.ashdelphin.de<br \/>\neMail: info@ashdelphin.de<\/td>\n<\/tr>\n<tr style=\"height: 24px;\">\n<td class=\"subheadline\" style=\"width: 42.069%; height: 24px;\" valign=\"top\" width=\"247\"><\/td>\n<td class=\"pages\" style=\"width: 56.5517%; height: 24px;\" width=\"357\"><\/td>\n<\/tr>\n<tr style=\"height: 24px;\">\n<td class=\"subheadline\" style=\"width: 42.069%; height: 24px;\" valign=\"top\" width=\"247\">USt.-Id-Nummer:<\/td>\n<td class=\"pages\" style=\"width: 56.5517%; height: 24px;\" width=\"357\">DE 212306241<\/td>\n<\/tr>\n<tr style=\"height: 24px;\">\n<td class=\"subheadline\" style=\"width: 42.069%; height: 24px;\" valign=\"top\" width=\"247\"><\/td>\n<td class=\"pages\" style=\"width: 56.5517%; height: 24px;\" width=\"357\"><\/td>\n<\/tr>\n<tr style=\"height: 136px;\">\n<td class=\"subheadline\" style=\"width: 42.069%; height: 136px;\" valign=\"top\" width=\"247\">Datenschutzbeauftragter:<\/td>\n<td class=\"pages\" style=\"width: 56.5517%; height: 136px;\" width=\"357\">Der Vorstand (s.o.)Telefon: 02745 87335<br \/>\nEmail: baetzing@ashdelphin.de<\/td>\n<\/tr>\n<tr style=\"height: 144px;\">\n<td class=\"subheadline\" style=\"width: 42.069%; height: 73px;\" valign=\"top\" width=\"247\" height=\"17\">Verm\u00f6gensschadenhaftpflicht<\/td>\n<td class=\"pages\" style=\"width: 56.5517%; height: 73px;\" width=\"357\" height=\"17\">AXA Versicherungs AGKompetenz-CenterPostfach 920114 , 51151 K\u00f6ln<\/td>\n<\/tr>\n<tr style=\"height: 22px;\">\n<td class=\"pages\" style=\"width: 98.6207%; height: 22px;\" colspan=\"2\" valign=\"top\">\n<hr noshade=\"noshade\" \/>\n<\/td>\n<\/tr>\n<tr style=\"height: 4164px;\">\n<td class=\"pages\" style=\"width: 98.6207%; height: 4164px;\" colspan=\"2\" valign=\"top\">Der Arbeitnehmer-Steuerhilfe Delphin e. V. pr\u00fcft und aktualisiert die Informationen auf seinen Webseiten st\u00e4ndig. Trotz aller Sorgfalt k\u00f6nnen sich die Daten inzwischen ver\u00e4ndert haben. Eine Haftung oder Garantie f\u00fcr die Aktualit\u00e4t, Richtigkeit und Vollst\u00e4ndigkeit der zur Verf\u00fcgung gestellten Informationen kann daher nicht \u00fcbernommen werden. Gleiches gilt auch f\u00fcr alle anderen Webseiten, auf die mittels Hyperlink verwiesen wird. Die Bundesverband ist f\u00fcr den Inhalt der Webseiten, die aufgrund einer solchen Verbindung erreicht werden, nicht verantwortlich. Des Weiteren beh\u00e4lt sich der Arbeitnehmer-Steuerhilfe Delphin e. V. das Recht vor, \u00c4nderungen oder Erg\u00e4nzungen der bereitgestellten Informationen vorzunehmen. Alle Texte, Bilder, Inhalte, Struktur sowie Layout der Webseiten der Arbeitnehmer-Steuerhilfe Delphin e. V. sind weltweit urheberrechtlich gesch\u00fctzt. Die Vervielf\u00e4ltigung von Informationen oder Daten, insbesondere die Verwendung von Texten, Textteilen oder Bildmaterial, bedarf der vorherigen Zustimmung des Bundesverbandes der Lohnsteuerhilfevereine e.V. Die auf dieser Seite genannten Produktbezeichnungen oder Firmennamen sind Eigentum der jeweiligen Inhaber und unterliegen als solche dem gesetzlichen Warenzeichen-, Marken- und\/oder patentrechtlichen Schutz.<\/p>\n<p id=\"\u201ddatenschutz\u201dclass=&quot;subheadline&quot;\"><a href=\"#datenschutz\"><strong>Datenschutzerkl\u00e4rung<\/strong><\/a><\/p>\n<p><span class=\"subheadline\">Datenschutz<\/span><br \/>\nDer Arbeitnehmer-Steuerhilfe Delphin e. V. nimmt den Schutz Ihrer personenbezogenen Daten sehr ernst. Die nachfolgende Erkl\u00e4rung informiert Sie dar\u00fcber, wie wir Ihre Daten verwenden und dabei den Datenschutz gew\u00e4hrleisten.<\/p>\n<p><span class=\"subheadline\">Gegenstand dieser Datenschutzerkl\u00e4rung,\u00a0<\/span><br \/>\nGegenstand dieser Erkl\u00e4rung ist die Erhebung, Verarbeitung und Nutzung (&#8222;Verwendung&#8220;) personenbezogener Daten (&#8222;Daten&#8220;), die wir, der Arbeitnehmer-Steuerhilfe Delphin e. V., wenn Sie unsere Angebote unter der URL www.ashdelphin.de nutzen.<\/p>\n<p><span class=\"subheadline\">Verantwortliche Stelle, Kontaktadresse<\/span><br \/>\nVerantwortliche Stelle im Sinne des Datenschutzrechts ist der Arbeitnehmer-Steuerhilfe Delphin e. V. Falls Sie Fragen zu der Verwendung Ihrer Daten haben oder von den hierin beschriebenen Rechtsbehelfen Gebrauch machen wollen, senden Sie uns bitte eine E-Mail.<\/p>\n<p><span class=\"subheadline\">Keine Einwilligung durch Nutzung<\/span><br \/>\nMa\u00dfgeblich f\u00fcr die Verwendung Ihrer Daten sind die jeweils geltenden gesetzlichen Bestimmungen, insbesondere das Bundesdatenschutzgesetz und das Teledienste &#8211; Datenschutzgesetz. Soweit wir Daten f\u00fcr einen Zweck nutzen, der nach diesen Bestimmungen Ihr Einverst\u00e4ndnis erfordert, werden wir Sie jeweils um Ihr ausdr\u00fcckliches Einverst\u00e4ndnis bitten. Sie k\u00f6nnen das einmal gegebene Einverst\u00e4ndnis jederzeit widerrufen und\/oder k\u00fcnftigen Verwendungen Ihrer Daten widersprechen. Die blo\u00dfe Registrierung, Nutzung der Dienste oder Kenntnisnahme von dieser Erkl\u00e4rung ersetzt Ihre ausdr\u00fcckliche Einverst\u00e4ndniserkl\u00e4rung nicht.<\/p>\n<p><span class=\"subheadline\">Verwendung Ihrer Daten<\/span><br \/>\nIm folgenden werden die M\u00f6glichkeiten der Verwendung Ihrer Daten kurz skizziert. Bitte<br \/>\nbeachten Sie, dass nicht alle Daten tats\u00e4chlich f\u00fcr alle Zwecke verwendet werden und dass f\u00fcr einzelne Dienste ggf. durch besondere Datenschutzerkl\u00e4rungen erg\u00e4nzende Informationen gegeben werden.<\/p>\n<p><span class=\"subheadline\">Erhebung von Daten<\/span><br \/>\nDer Arbeitnehmer-Steuerhilfe Delphin e. V. erhebt Daten, wenn Sie Dienste besuchen oder nutzen. Wenn Sie weitere Dienste besuchen oder nutzen, erhebt und speichert der Arbeitnehmer-Steuerhilfe Delphin e. V. evtl. automatisch in unseren Server-Logs technische Informationen, die Ihr Browser uns \u00fcbermittelt. Dabei handelt es sich insbesondere um die IP-Adresse Ihres Computers sowie Daten, die der ASH auf Cookies (vgl. Abschnitt &#8222;Cookies&#8220;) abgelegt hat und die von Ihnen aufgerufene Seite.<\/p>\n<p><span class=\"subheadline\">Verarbeitung und Nutzung von Daten<\/span><br \/>\nDer Arbeitnehmer-Steuerhilfe Delphin e. V. verwendet die erhobenen Daten wie folgt:<br \/>\nNur soweit Sie dem ausdr\u00fccklich zugestimmt haben (vgl. Abschnitt &#8222;keine Einwilligung durch Nutzung&#8220;) verwenden wir Ihre Daten, um unsere Inhalte einschlie\u00dflich der Werbeangebote auf Ihre pers\u00f6nlichen Interessen auszurichten und\/oder Sie \u00fcber spezielle Angebote oder Neuerungen zu unterrichten.<\/p>\n<p><span class=\"subheadline\">Daten\u00fcbermittlung an Dritte<\/span><br \/>\nDer Arbeitnehmer-Steuerhilfe Delphin e. V. \u00fcbermittelt Ihre pers\u00f6nlichen Daten ausschlie\u00dflich dann an Dritte wenn Sie der \u00dcbermittlung zugestimmt haben (vgl. Abschnitt &#8222;keine Einwilligung durch Nutzung&#8220;) oder Strafverfolgungsbeh\u00f6rden oder Gerichte nach Ma\u00dfgabe der anwendbaren Gesetze Ausk\u00fcnfte zum Zwecke der Strafverfolgung verlangen.<\/p>\n<p><span class=\"subheadline\">L\u00f6schen von Daten<\/span><br \/>\nSoweit Ihre Daten nicht mehr f\u00fcr die vorgenannten Zwecke erforderlich sind, werden diese<br \/>\ngel\u00f6scht. Bitte beachten Sie, dass bei jeder L\u00f6schung die Daten zun\u00e4chst nur gesperrt und dann erst mit zeitlicher Verz\u00f6gerung endg\u00fcltig gel\u00f6scht werden, um versehentlichen L\u00f6schungen oder evtl. vors\u00e4tzlichen Sch\u00e4digungen vorzubeugen. Aus technischen Gr\u00fcnden werden Daten ggf. in Datensicherungsdateien und Spiegelungen von Diensten dupliziert. Solche Kopien werden ebenfalls ggf. erst mit einer technisch bedingten zeitlichen Verz\u00f6gerung gel\u00f6scht.<\/p>\n<p><span class=\"subheadline\">Cookies<\/span><br \/>\nCookies sind Dateien, die\u00a0auf der Festplatte Ihres Computers abgelegt werden und der Erleichterung der Navigation dienen. Sie vermeiden, dass bei jeder Nutzung alle erforderlichen Daten neu eingegeben werden m\u00fcssen. Cookies erleichtern die Nutzung unserer Dienste. Sie k\u00f6nnen das Speichern von Cookies auf Ihrer Festplatte verhindern, indem Sie in Ihren Browser-Einstellungen &#8222;keine Cookies akzeptieren&#8220; w\u00e4hlen. Wie das\u00a0im einzelnen funktioniert, entnehmen Sie bitte der Anleitung Ihres Browser-Herstellers. Wenn Sie keine Cookies akzeptieren, kann dieses zu Funktionseinschr\u00e4nkungen bei unseren Diensten f\u00fchren.<br \/>\nSoweit Sie in die Verwendung von Cookies\u00a0eingewilligt haben, legt der Arbeitnehmer-Steuerhilfe Delphin e. V. Daten, die wir erheben, in Cookies auf Ihrer Festplatte ab und ruft diese Informationen bei sp\u00e4teren Nutzungen wieder ab.<\/p>\n<p>Kontaktformular<br \/>\nPer Kontaktformular \u00fcbermittelte Daten werden einschlie\u00dflich Ihrer Kontaktdaten gespeichert, um Ihre Anfrage bearbeiten zu k\u00f6nnen oder um f\u00fcr Anschlussfragen bereitzustehen. Eine Weitergabe dieser Daten findet ohne Ihre Einwilligung nicht statt.<br \/>\nDie Verarbeitung der in das Kontaktformular eingegebenen Daten erfolgt ausschlie\u00dflich auf Grundlage Ihrer Einwilligung (Art. 6 Abs. 1 lit. a DSGVO). Ein Widerruf Ihrer bereits erteilten Einwilligung ist jederzeit m\u00f6glich. F\u00fcr den Widerruf gen\u00fcgt eine formlose Mitteilung per E-Mail. Die Rechtm\u00e4\u00dfigkeit der bis zum Widerruf erfolgten Datenverarbeitungsvorg\u00e4nge bleibt vom Widerruf unber\u00fchrt.<br \/>\n\u00dcber das Kontaktformular \u00fcbermittelte Daten verbleiben bei uns, bis Sie uns zur L\u00f6schung auffordern, Ihre Einwilligung zur Speicherung widerrufen oder keine Notwendigkeit der Datenspeicherung mehr besteht. Zwingende gesetzliche Bestimmungen &#8211; insbesondere Aufbewahrungsfristen &#8211; bleiben unber\u00fchrt.<\/p>\n<p><span class=\"subheadline\">Bearbeitung oder L\u00f6schung von pers\u00f6nlichen Daten auf Ihrem Mitgliedskonto<br \/>\n<\/span>Sie haben das Recht, die zu Ihrer Person gespeicherten pers\u00f6nlichen Daten und Einstellungen Ihres Mitgliedskontos jederzeit einzusehen und diese zu korrigieren, zu erg\u00e4nzen oder zu l\u00f6schen (vgl. Abschnitt &#8222;Verantwortliche Stelle,\u00a0Kontaktadresse&#8220;). Soweit Sie w\u00fcnschen, dass wir Ihr Nutzerkonto ganz l\u00f6schen, teilen Sie uns dies bitte mit (vgl. auch Abschnitt &#8222;L\u00f6schen von Daten&#8220;).<\/p>\n<p><span class=\"subheadline\">Datensicherheit<br \/>\n<\/span>Der\u00a0Arbeitnehmer-Steuerhilfe Delphin e. V. ist bem\u00fcht, Ihre Daten vor unbefugtem Zugriff, Verlust, Missbrauch, oder Zerst\u00f6rung zu sch\u00fctzen. Zur Datensicherung wird jeweils eine tempor\u00e4re Kopie erhobener Daten erstellt, um deren Verlust durch eine Fehlfunktion des Rechners oder einen Bedienungsfehler zu vermeiden.<\/p>\n<p><span class=\"subheadline\">\u00c4nderungen dieser Datenschutzerkl\u00e4rung<\/span><br \/>\nDer\u00a0Arbeitnehmer-Steuerhilfe Delphin e. V. wird diese Datenschutzerkl\u00e4rung ggf. entsprechend k\u00fcnftigen \u00c4nderungen in der Verwendung pers\u00f6nlicher\u00a0Daten anpassen.<\/p>\n<p>Alle Rechte vorbehalten<\/td>\n<\/tr>\n<\/tbody>\n<\/table>\n<\/div>\n<\/div>\n<\/div>\n","protected":false},"excerpt":{"rendered":"<p>Name: Arbeitnehmer-Steuerhilfe\u00a0Delphin e. V. -Lohnsteuerhilfeverein &#8211; Rechtsform: eingetragener\u00a0 Verein deutschen Rechts Sitz: M\u00fcnchen Registergericht: Vereinsregister\u00a0 Amtsgericht M\u00fcnchen Registernummer: VR 16994 beh\u00f6rdliche Anerkennung f\u00fcr die T\u00e4tigkeit als Lohnsteuerhilfeverein durch: Oberfinanzdirektion M\u00fcnchen S 0935 &#8211; A 36 St 317 Berufsrecht: Steuerberatungsgesetz (StBerG)Der Verein unterliegt im Wesentlichen\u00a0den berufsrechtlichen Regelungen des Steuerberatungsgesetzes (StBerG); Einsichtnahme und Download unter bvl-verband.de Beratungsstellen:&hellip; <br \/> <a class=\"button small blue\" href=\"https:\/\/ashdelphin.de\/cms\/impressum\/\">Weiterlesen<\/a><\/p>\n","protected":false},"author":1,"featured_media":0,"parent":0,"menu_order":12,"comment_status":"closed","ping_status":"closed","template":"","meta":{"_acf_changed":false,"footnotes":""},"class_list":["post-86","page","type-page","status-publish","hentry"],"acf":[],"jetpack_sharing_enabled":true,"_links":{"self":[{"href":"https:\/\/ashdelphin.de\/cms\/wp-json\/wp\/v2\/pages\/86","targetHints":{"allow":["GET"]}}],"collection":[{"href":"https:\/\/ashdelphin.de\/cms\/wp-json\/wp\/v2\/pages"}],"about":[{"href":"https:\/\/ashdelphin.de\/cms\/wp-json\/wp\/v2\/types\/page"}],"author":[{"embeddable":true,"href":"https:\/\/ashdelphin.de\/cms\/wp-json\/wp\/v2\/users\/1"}],"replies":[{"embeddable":true,"href":"https:\/\/ashdelphin.de\/cms\/wp-json\/wp\/v2\/comments?post=86"}],"version-history":[{"count":17,"href":"https:\/\/ashdelphin.de\/cms\/wp-json\/wp\/v2\/pages\/86\/revisions"}],"predecessor-version":[{"id":1013,"href":"https:\/\/ashdelphin.de\/cms\/wp-json\/wp\/v2\/pages\/86\/revisions\/1013"}],"wp:attachment":[{"href":"https:\/\/ashdelphin.de\/cms\/wp-json\/wp\/v2\/media?parent=86"}],"curies":[{"name":"wp","href":"https:\/\/api.w.org\/{rel}","templated":true}]}}