{"id":83,"date":"2016-11-02T07:55:28","date_gmt":"2016-11-02T06:55:28","guid":{"rendered":"http:\/\/www.ashdelphin.de\/cms\/stellenangebote-2\/"},"modified":"2017-09-27T10:43:53","modified_gmt":"2017-09-27T08:43:53","slug":"stellenangebote-2","status":"publish","type":"page","link":"https:\/\/ashdelphin.de\/cms\/stellenangebote-2\/","title":{"rendered":"Stellenangebote"},"content":{"rendered":"<div class=\"art-content-layout\">\n<div class=\"art-content-layout-row\">\n<div class=\"art-layout-cell layout-item-0\" style=\"width: 67%;\"><span class=\"subheadline\" style=\"color: #808080;\">Wir suchen bundesweit Steuerexperten zur Leitung einer Beratungsstelle an ihrem Wohnort.<\/span><\/div>\n<div><span style=\"color: #808080;\">\u00a0<\/span><\/div>\n<div class=\"art-layout-cell layout-item-0\" style=\"width: 67%;\"><span class=\"subheadline\" style=\"font-weight: bold; color: #808080;\">Der Wachstumsmarkt<\/span><br \/>\n<span class=\"pages\" style=\"color: #808080;\"> Wir befinden uns auf einem Wachstumsmarkt mit st\u00e4ndig steigender Nachfrage nach unseren Dienstleistungen (Quelle: Infas Sozialforschungsinstitut GmbH). Die Erweiterung der Beratungsbefugnis, die zunehmende Komplexit\u00e4t der Steuergesetzgebung sowie die kommenden innovativen Ver\u00e4nderungen durch die vollelektronische, papierlose Steuererkl\u00e4rung und anderer Neuerungen werden diesen Aufw\u00e4rtstrend auch in Zukunft aufrecht erhalten.<\/span><\/div>\n<div><span style=\"color: #808080;\">\u00a0<\/span><\/div>\n<div class=\"art-layout-cell layout-item-0\" style=\"width: 67%;\"><span class=\"subheadline\" style=\"font-weight: bold; color: #808080;\">Ihre Chance<\/span><\/div>\n<div class=\"art-layout-cell layout-item-0\" style=\"width: 67%;\"><span class=\"pages\" style=\"color: #808080;\">Partizipieren Sie am Wachstum und beginnen Sie eine lukrative T\u00e4tigkeit bei freier Zeiteinteilung. Auch als 2. Standbein zur Vorbereitung einer Hauptberuflichkeit ideal.<\/span><\/div>\n<div><span style=\"color: #808080;\">\u00a0<\/span><\/div>\n<div class=\"art-layout-cell layout-item-0\" style=\"width: 67%;\"><span class=\"subheadline\" style=\"font-weight: bold; color: #808080;\">Individuelle Beratung und Betreuung<\/span><br \/>\n<span class=\"pages\" style=\"color: #808080;\"> Wir stellen uns auf Ihre individuellen W\u00fcnsche und Belange ein und richten unsere Hilfestellung und Betreuung ganz auf diese aus. Unser Ziel ist es, Sie in jeder Hinsicht optimal zu betreuen. So bieten wir Ihnen die M\u00f6glichkeit sich auf das Wesentliche zu konzentrieren.<\/span><\/div>\n<div><span style=\"color: #808080;\">\u00a0<\/span><\/div>\n<div class=\"art-layout-cell layout-item-0\" style=\"width: 67%;\"><span class=\"subheadline\" style=\"color: #808080;\"><span style=\"font-weight: bold;\">Erfolgreiches und kollegiales Konzept<\/span><br \/>\n<span class=\"pages\">Wir bieten Ihnen ein umfangreiches Aktionsprogramm zum Aufbau Ihrer Beratungsstelle. Unser kompetentes Team aus langj\u00e4hrigen Spezialisten steht Ihnen stets gern zur Seite. Nutzen Sie unser kooperatives Konzept das ganz auf eine kollegiale und vertrauensvolle gegenseitige Zusammenarbeit aufgebaut ist. Es hat sich bereits seit Jahren erfolgreich bew\u00e4hrt.<\/span><\/span><\/div>\n<div class=\"art-layout-cell layout-item-0\" style=\"width: 67%;\"><span class=\"subheadline\" style=\"color: #808080;\"><br \/>\n<\/span><\/p>\n<table width=\"85%\">\n<tbody>\n<tr>\n<td colspan=\"3\"><span style=\"font-weight: bold; color: #808080;\"><span class=\"subheadline\">Permanente Fortbildung &amp;\u00a0<\/span><span class=\"subheadline\">Praxisseminare<\/span><\/span><br \/>\n<span style=\"color: #808080;\"> <span class=\"pages\">In kaum einem Bereich \u00e4ndert sich die Rechtslage so schnell. Unsere Fachseminare mit praxisbezogenen Themen sichern Ihnen Ihr Wissen. In Kombination mit unserer permanent besetzten Hotline ist das ein Garant f\u00fcr Ihren Erfolg. F\u00fcr Einsteiger oder Fortgeschrittene bieten wir in Kooperation mit verschiedenen externen Schulungsinstituten weitere individuelle Zielseminare an.<\/span><\/span><\/p>\n<p><span style=\"color: #808080;\"><span class=\"subheadline\" style=\"font-weight: bold;\">Umfassender Service<\/span><\/span><br \/>\n<span style=\"color: #808080;\"> <span class=\"pages\"> Zu unserem Service z\u00e4hlen eine unb\u00fcrokratische Verwaltung mit jahrelangem Know-How, ein 24 Stunden Service bei Bestellungen, bei Bedarf Erreichbarkeit auch au\u00dferhalb der B\u00fcrozeiten.<\/span><\/span><\/p>\n<p><span style=\"color: #808080;\"><span class=\"subheadline\" style=\"font-weight: bold;\">Bew\u00e4hrtes Werbekonzept<\/span><\/span><br \/>\n<span class=\"pages\" style=\"color: #808080;\"> Mit unserem bew\u00e4hrten Werbekonzept (eigene Homepage,<br \/>\nFlyer, Steuerinfobriefe, etc.) verhelfen wir Ihnen dazu, einen breiten Kundenstamm gezielt, kompetent und vor allem erfolgreich anzusprechen.<\/span><\/td>\n<\/tr>\n<tr>\n<td colspan=\"3\"><span class=\"subheadline\" style=\"font-weight: bold; color: #808080;\">Testen Sie uns<\/span><br \/>\n<span style=\"color: #808080;\"> <span class=\"pages\">Sollten wir also Ihr Interesse geweckt haben und Sie an weiteren Informationen \u00fcber den Aufbau einer Beratungsstelle \u00a0interessiert sein, k\u00f6nnen Sie sich jederzeit an die Verwaltung des ASH Delphin Lohnsteuerhilfevereins e. V. wenden. Wir stehen Ihnen f\u00fcr weitere Ausk\u00fcnfte nat\u00fcrlich gerne zur Verf\u00fcgung.<\/span><span class=\"pages\"><br \/>\nWir freuen uns auf Ihre <a href=\"http:\/\/www.ashdelphin.de\/cms\/kontakt\/\">Anfrage<\/a> !<br \/>\nIhr Team von der Arbeitnehmer-Steuerhilfe Delphin e.V. (Lohnsteuerhilfeverein)<\/span><\/span><\/td>\n<\/tr>\n<\/tbody>\n<\/table>\n<p>&nbsp;<\/p>\n<\/div>\n<div class=\"art-layout-cell layout-item-0\" style=\"width: 100%;\">\n<p><img loading=\"lazy\" decoding=\"async\" class=\"art-lightbox aligncenter\" src=\"http:\/\/www.ashdelphin.de\/cms\/wp-content\/uploads\/2016\/11\/tmp731F.png\" alt=\"\" width=\"303\" height=\"246\" \/><\/p>\n<h2><span class=\"subheadline\">Vorteile:<\/span><\/h2>\n<p><span class=\"subheadline\"><div class=\"column-group columns-3\"><\/span><\/p>\n<p><span class=\"subheadline\"><div class=\"column column-number-1 column-span-1\"><p>&#8230; finanziell<\/span><\/p>\n<ul>\n<li class=\"pages\">\u00a0eine \u00fcberdurchschnittliche Verg\u00fctung<\/li>\n<li class=\"pages\">\u00a0 keine Umsatzvorgaben<\/li>\n<li class=\"pages\">\u00a0Direktinkasso der Mitgliedsbeitr\u00e4ge<br \/>\n<\/div><\/li>\n<\/ul>\n<p><span class=\"subheadline\"><div class=\"column column-number-2 column-span-1\"><p>&#8230; beim Aufbau Ihrer Beratungsstelle<\/span><\/p>\n<ul>\n<li class=\"pages\">\u00a0Ausstattung f\u00fcr die Beratungsstellen<br \/>\n(Firmenschild, Briefpapier, Muster-Arbeitsvorlagen etc.)<\/li>\n<li class=\"pages\">\u00a0St\u00e4ndiger Erfahrungsaustausch schafft Freisetzung<br \/>\nvon<br \/>\nSynergieeffekten und Kostenersparnis<\/li>\n<li class=\"pages\">\u00a0kostenlose professionelle Mitgliederverwaltung- Beitragsverwaltung<br \/>\n&#8211; Status-Dokumentation<\/li>\n<li class=\"pages\">\u00a0kostenlose eigene Homepage<\/li>\n<li class=\"pages\">\u00a0kostenloser Eintrag in den Internet &#8211; Suchservice<\/li>\n<li class=\"pages\">\u00a0kostenlose Versicherung bei Beratungsfehlern<br \/>\n<\/div><\/li>\n<\/ul>\n<p class=\"subheadline\"><div class=\"column column-number-3 last column-span-1\"><p>&#8230; fachlich<\/p>\n<ul>\n<li class=\"pages\">\u00a0 <span class=\"pages\">kostenlose praxisbezogene<br \/>\nSteuerseminare<\/span><\/li>\n<li class=\"pages\">\u00a0eine permanente Expertenhotline<\/li>\n<li class=\"pages\"><span class=\"pages\">\u00a0regelm\u00e4\u00dfige Steuerinformationen<br \/>\n<\/div><\/div><\/span><\/li>\n<\/ul>\n<p>&nbsp;<\/p>\n<\/div>\n<\/div>\n<\/div>\n","protected":false},"excerpt":{"rendered":"<p>Wir suchen bundesweit Steuerexperten zur Leitung einer Beratungsstelle an ihrem Wohnort. \u00a0 Der Wachstumsmarkt Wir befinden uns auf einem Wachstumsmarkt mit st\u00e4ndig steigender Nachfrage nach unseren Dienstleistungen (Quelle: Infas Sozialforschungsinstitut GmbH). Die Erweiterung der Beratungsbefugnis, die zunehmende Komplexit\u00e4t der Steuergesetzgebung sowie die kommenden innovativen Ver\u00e4nderungen durch die vollelektronische, papierlose Steuererkl\u00e4rung und anderer Neuerungen werden diesen&hellip; <br \/> <a class=\"button small blue\" href=\"https:\/\/ashdelphin.de\/cms\/stellenangebote-2\/\">Weiterlesen<\/a><\/p>\n","protected":false},"author":1,"featured_media":0,"parent":0,"menu_order":9,"comment_status":"closed","ping_status":"closed","template":"","meta":{"_acf_changed":false,"footnotes":""},"class_list":["post-83","page","type-page","status-publish","hentry"],"acf":[],"jetpack_sharing_enabled":true,"_links":{"self":[{"href":"https:\/\/ashdelphin.de\/cms\/wp-json\/wp\/v2\/pages\/83","targetHints":{"allow":["GET"]}}],"collection":[{"href":"https:\/\/ashdelphin.de\/cms\/wp-json\/wp\/v2\/pages"}],"about":[{"href":"https:\/\/ashdelphin.de\/cms\/wp-json\/wp\/v2\/types\/page"}],"author":[{"embeddable":true,"href":"https:\/\/ashdelphin.de\/cms\/wp-json\/wp\/v2\/users\/1"}],"replies":[{"embeddable":true,"href":"https:\/\/ashdelphin.de\/cms\/wp-json\/wp\/v2\/comments?post=83"}],"version-history":[{"count":11,"href":"https:\/\/ashdelphin.de\/cms\/wp-json\/wp\/v2\/pages\/83\/revisions"}],"predecessor-version":[{"id":316,"href":"https:\/\/ashdelphin.de\/cms\/wp-json\/wp\/v2\/pages\/83\/revisions\/316"}],"wp:attachment":[{"href":"https:\/\/ashdelphin.de\/cms\/wp-json\/wp\/v2\/media?parent=83"}],"curies":[{"name":"wp","href":"https:\/\/api.w.org\/{rel}","templated":true}]}}