{"id":82,"date":"2016-11-02T07:55:27","date_gmt":"2016-11-02T06:55:27","guid":{"rendered":"http:\/\/www.ashdelphin.de\/cms\/beratungsstellen\/"},"modified":"2017-10-10T15:12:11","modified_gmt":"2017-10-10T13:12:11","slug":"beratungsstellen","status":"publish","type":"page","link":"https:\/\/ashdelphin.de\/cms\/beratungsstellen\/","title":{"rendered":"Unsere Beratungsstellen"},"content":{"rendered":"<div class=\"art-content-layout\">\n<div class=\"art-content-layout-row\">\n<div class=\"art-layout-cell layout-item-0\" style=\"width: 100%;\">\n<p class=\"pages\" style=\"text-align: justify;\"><span style=\"-webkit-border-horizontal-spacing: 2px; -webkit-border-vertical-spacing: 2px;\"><span class=\"pages\">Unsere Berater erf\u00fcllen alle gesetzlichen Anforderungen.<br \/>\nDenn: Wer in Deutschland steuerberatend t\u00e4tig sein darf, ist im Steuerberatungsgesetz genau vorgeschrieben.<\/span><\/span><\/p>\n<p style=\"text-align: justify;\">Leiter von Beratungsstellen in Lohnsteuerhilfevereinen sind als selbst\u00e4ndige oder angestellte Berater t\u00e4tig. Sie haben entweder eine steuerfachliche Ausbildung als Steuerberater, Steuerbevollm\u00e4chtigter, Rechtsanwalt, Wirtschaftpr\u00fcfer oder vereidigte Buchpr\u00fcfer. Oder aber eine Abschlusspr\u00fcfung in einem kaufm\u00e4nnischen Ausbildungsberuf, zum Beispiel als Steuerfachangestellter oder Bilanzbuchhalter, bestanden. Zumindest sind sie mindestens drei Jahre auf den einschl\u00e4gigen Gebieten des Einkommensteuerrechts in einem Umfang von mindestens 16 Wochenstunden praktisch t\u00e4tig gewesen.<\/p>\n<p class=\"pages\" style=\"text-align: justify;\"><span class=\"pages\">Das hei\u00dft: <strong>hochqualifizierte Praktiker<\/strong>, die sich zudem st\u00e4ndig aktuell f\u00fcr das t\u00e4gliche Steuerrecht weiterbilden.<\/span><\/p>\n<\/div>\n<div class=\"art-layout-cell layout-item-0\" style=\"width: 100%;\">\n<p style=\"text-align: center;\"><img loading=\"lazy\" decoding=\"async\" class=\"alignnone size-full wp-image-763\" src=\"http:\/\/www.ashdelphin.de\/cms\/wp-content\/uploads\/2016\/11\/office-1209640_1920.jpg\" alt=\"\" width=\"1920\" height=\"1281\" srcset=\"https:\/\/ashdelphin.de\/cms\/wp-content\/uploads\/2016\/11\/office-1209640_1920.jpg 1920w, https:\/\/ashdelphin.de\/cms\/wp-content\/uploads\/2016\/11\/office-1209640_1920-300x200.jpg 300w, https:\/\/ashdelphin.de\/cms\/wp-content\/uploads\/2016\/11\/office-1209640_1920-768x512.jpg 768w\" sizes=\"auto, (max-width: 1920px) 100vw, 1920px\" \/><\/p>\n<\/div>\n<\/div>\n<\/div>\n","protected":false},"excerpt":{"rendered":"<p>Unsere Berater erf\u00fcllen alle gesetzlichen Anforderungen. Denn: Wer in Deutschland steuerberatend t\u00e4tig sein darf, ist im Steuerberatungsgesetz genau vorgeschrieben. Leiter von Beratungsstellen in Lohnsteuerhilfevereinen sind als selbst\u00e4ndige oder angestellte Berater t\u00e4tig. Sie haben entweder eine steuerfachliche Ausbildung als Steuerberater, Steuerbevollm\u00e4chtigter, Rechtsanwalt, Wirtschaftpr\u00fcfer oder vereidigte Buchpr\u00fcfer. Oder aber eine Abschlusspr\u00fcfung in einem kaufm\u00e4nnischen Ausbildungsberuf, zum Beispiel&hellip; <br \/> <a class=\"button small blue\" href=\"https:\/\/ashdelphin.de\/cms\/beratungsstellen\/\">Weiterlesen<\/a><\/p>\n","protected":false},"author":1,"featured_media":0,"parent":0,"menu_order":8,"comment_status":"closed","ping_status":"closed","template":"","meta":{"_acf_changed":false,"footnotes":""},"class_list":["post-82","page","type-page","status-publish","hentry"],"acf":[],"jetpack_sharing_enabled":true,"_links":{"self":[{"href":"https:\/\/ashdelphin.de\/cms\/wp-json\/wp\/v2\/pages\/82","targetHints":{"allow":["GET"]}}],"collection":[{"href":"https:\/\/ashdelphin.de\/cms\/wp-json\/wp\/v2\/pages"}],"about":[{"href":"https:\/\/ashdelphin.de\/cms\/wp-json\/wp\/v2\/types\/page"}],"author":[{"embeddable":true,"href":"https:\/\/ashdelphin.de\/cms\/wp-json\/wp\/v2\/users\/1"}],"replies":[{"embeddable":true,"href":"https:\/\/ashdelphin.de\/cms\/wp-json\/wp\/v2\/comments?post=82"}],"version-history":[{"count":4,"href":"https:\/\/ashdelphin.de\/cms\/wp-json\/wp\/v2\/pages\/82\/revisions"}],"predecessor-version":[{"id":804,"href":"https:\/\/ashdelphin.de\/cms\/wp-json\/wp\/v2\/pages\/82\/revisions\/804"}],"wp:attachment":[{"href":"https:\/\/ashdelphin.de\/cms\/wp-json\/wp\/v2\/media?parent=82"}],"curies":[{"name":"wp","href":"https:\/\/api.w.org\/{rel}","templated":true}]}}