{"id":80,"date":"2016-11-02T07:55:25","date_gmt":"2016-11-02T06:55:25","guid":{"rendered":"http:\/\/www.ashdelphin.de\/cms\/leistungen\/organisation\/"},"modified":"2017-10-05T20:35:13","modified_gmt":"2017-10-05T18:35:13","slug":"organisation","status":"publish","type":"page","link":"https:\/\/ashdelphin.de\/cms\/leistungen\/organisation\/","title":{"rendered":"Organisatorischer Ablauf"},"content":{"rendered":"<p style=\"text-align: center;\"><strong>In der folgenden \u00dcbersicht erfahren Sie mehr \u00fcber den grunds\u00e4tzlichen organisatorischen Ablauf in der Beratungsstelle:<\/strong><img loading=\"lazy\" decoding=\"async\" class=\"size-full wp-image-795 aligncenter\" src=\"http:\/\/www.ashdelphin.de\/cms\/wp-content\/uploads\/2016\/11\/Organisatorischer-Ablauf-3-2-1.png\" alt=\"\" width=\"1071\" height=\"1615\" srcset=\"https:\/\/ashdelphin.de\/cms\/wp-content\/uploads\/2016\/11\/Organisatorischer-Ablauf-3-2-1.png 1071w, https:\/\/ashdelphin.de\/cms\/wp-content\/uploads\/2016\/11\/Organisatorischer-Ablauf-3-2-1-199x300.png 199w, https:\/\/ashdelphin.de\/cms\/wp-content\/uploads\/2016\/11\/Organisatorischer-Ablauf-3-2-1-768x1158.png 768w\" sizes=\"auto, (max-width: 1071px) 100vw, 1071px\" \/><\/p>\n","protected":false},"excerpt":{"rendered":"<p>In der folgenden \u00dcbersicht erfahren Sie mehr \u00fcber den grunds\u00e4tzlichen organisatorischen Ablauf in der Beratungsstelle:<\/p>\n","protected":false},"author":1,"featured_media":0,"parent":76,"menu_order":6,"comment_status":"closed","ping_status":"closed","template":"","meta":{"_acf_changed":false,"footnotes":""},"class_list":["post-80","page","type-page","status-publish","hentry"],"acf":[],"jetpack_sharing_enabled":true,"_links":{"self":[{"href":"https:\/\/ashdelphin.de\/cms\/wp-json\/wp\/v2\/pages\/80","targetHints":{"allow":["GET"]}}],"collection":[{"href":"https:\/\/ashdelphin.de\/cms\/wp-json\/wp\/v2\/pages"}],"about":[{"href":"https:\/\/ashdelphin.de\/cms\/wp-json\/wp\/v2\/types\/page"}],"author":[{"embeddable":true,"href":"https:\/\/ashdelphin.de\/cms\/wp-json\/wp\/v2\/users\/1"}],"replies":[{"embeddable":true,"href":"https:\/\/ashdelphin.de\/cms\/wp-json\/wp\/v2\/comments?post=80"}],"version-history":[{"count":14,"href":"https:\/\/ashdelphin.de\/cms\/wp-json\/wp\/v2\/pages\/80\/revisions"}],"predecessor-version":[{"id":797,"href":"https:\/\/ashdelphin.de\/cms\/wp-json\/wp\/v2\/pages\/80\/revisions\/797"}],"up":[{"embeddable":true,"href":"https:\/\/ashdelphin.de\/cms\/wp-json\/wp\/v2\/pages\/76"}],"wp:attachment":[{"href":"https:\/\/ashdelphin.de\/cms\/wp-json\/wp\/v2\/media?parent=80"}],"curies":[{"name":"wp","href":"https:\/\/api.w.org\/{rel}","templated":true}]}}