{"id":78,"date":"2016-11-02T07:55:23","date_gmt":"2016-11-02T06:55:23","guid":{"rendered":"http:\/\/www.ashdelphin.de\/cms\/leistungen\/wir-uber-uns\/"},"modified":"2017-10-10T15:40:18","modified_gmt":"2017-10-10T13:40:18","slug":"wir-uber-uns","status":"publish","type":"page","link":"https:\/\/ashdelphin.de\/cms\/wir-uber-uns\/","title":{"rendered":"Wir \u00fcber uns"},"content":{"rendered":"<div class=\"art-content-layout\">\n<div class=\"art-content-layout-row\">\n<div class=\"art-layout-cell layout-item-0\" style=\"width: 100%;\">\n<div class=\"column-group columns-2\">\n<p class=\"pages\" style=\"text-align: center;\"><span style=\"-webkit-border-horizontal-spacing: 2px; -webkit-border-vertical-spacing: 2px;\"><div class=\"column column-number-1 column-span-1\"><p>Die Arbeitnehmer-Steuerhilfe Delphin e.V. ist ein eingetragener Verein deutschen Rechts mit Sitz in M\u00fcnchen.<\/span><\/p>\n<p class=\"pages\" style=\"text-align: center;\"><span style=\"-webkit-border-horizontal-spacing: 2px; -webkit-border-vertical-spacing: 2px;\">Er ist im Vereinsregister unter der Nummer VR 16994 eingetragen und von der Oberfinanzdirektion M\u00fcnchen gem\u00e4\u00df \u00a7\u00a7 13 Absatz 3 des Steuerberatungsgesetz f\u00fcr die T\u00e4tigkeit als Lohnsteuerhilfeverein anerkannt.<br \/>\nEr wurde gegr\u00fcndet als qualitativ hochwertige und preiswerte Alternative f\u00fcr Ihre steuerliche Beratung und einen innovativen, kundenfreundlichen Service.<\/span><\/p>\n<p style=\"text-align: center;\">Arbeitnehmer-Steuerhilfe Delphin e.V.<br \/>\n(Lohnsteuerhilfeverein)<br \/>\nKapuzinerstrasse 25<br \/>\n80337 M\u00fcnchen<\/p>\n<p class=\"pages\" style=\"text-align: center;\"><span style=\"-webkit-border-horizontal-spacing: 2px; -webkit-border-vertical-spacing: 2px;\">Tel. 089 5447908-0<br \/>\nFax 089 5447908-50<br \/>\n<a href=\"mailto:info@ashdelphin.de\">eMail: info@ashdelphin.de<\/a><\/span><\/p>\n<p style=\"text-align: center;\"><span style=\"-webkit-border-horizontal-spacing: 2px; -webkit-border-vertical-spacing: 2px;\"><span class=\"pages\">Als Lohnsteuerhilfeverein unterliegen wir der Aufsicht des Landesamtes f\u00fcr Steuern mit Sitz in M\u00fcnchen. Internet:\u00a0http:\/\/www.finanzamt.bayern.de\/LfSt\/default.php.<\/p>\n<\/div><\/span><\/span><\/p>\n<p style=\"text-align: center;\"><div class=\"column column-number-2 last column-span-1\"><p><img loading=\"lazy\" decoding=\"async\" class=\"aligncenter\" src=\"http:\/\/www.ashdelphin.de\/bilder\/delfin.jpg\" width=\"369\" height=\"276\" \/><strong><span style=\"text-align: center;\">&#8222;Unser Vereinsname entstand als Synonym f\u00fcr die Delfine als Freunde des Menschen. Er steht f\u00fcr dauerhafte Zuverl\u00e4ssigkeit, gegenseitige Partnerschaft, uneigenn\u00fctzige Treue und gewissenhafte Vertrauensw\u00fcrdigkeit. Diese Charakterz\u00fcge beschreiben die Grundwerte unserer Vereinsphilosophie.\u00a0<\/span><\/strong><\/p>\n<p style=\"text-align: left;\"><span style=\"text-align: center; -webkit-border-horizontal-spacing: 2px; -webkit-border-vertical-spacing: 2px;\"><strong>Dazu stehen wir!&#8220;<\/strong><\/p>\n<\/div><\/span><\/p>\n<p style=\"text-align: right;\"><span style=\"text-align: center; -webkit-border-horizontal-spacing: 2px; -webkit-border-vertical-spacing: 2px;\"><\/div><\/span><\/p>\n<\/div>\n<\/div>\n<\/div>\n","protected":false},"excerpt":{"rendered":"","protected":false},"author":1,"featured_media":0,"parent":0,"menu_order":4,"comment_status":"closed","ping_status":"closed","template":"","meta":{"_acf_changed":false,"footnotes":""},"class_list":["post-78","page","type-page","status-publish","hentry"],"acf":[],"jetpack_sharing_enabled":true,"_links":{"self":[{"href":"https:\/\/ashdelphin.de\/cms\/wp-json\/wp\/v2\/pages\/78","targetHints":{"allow":["GET"]}}],"collection":[{"href":"https:\/\/ashdelphin.de\/cms\/wp-json\/wp\/v2\/pages"}],"about":[{"href":"https:\/\/ashdelphin.de\/cms\/wp-json\/wp\/v2\/types\/page"}],"author":[{"embeddable":true,"href":"https:\/\/ashdelphin.de\/cms\/wp-json\/wp\/v2\/users\/1"}],"replies":[{"embeddable":true,"href":"https:\/\/ashdelphin.de\/cms\/wp-json\/wp\/v2\/comments?post=78"}],"version-history":[{"count":11,"href":"https:\/\/ashdelphin.de\/cms\/wp-json\/wp\/v2\/pages\/78\/revisions"}],"predecessor-version":[{"id":819,"href":"https:\/\/ashdelphin.de\/cms\/wp-json\/wp\/v2\/pages\/78\/revisions\/819"}],"wp:attachment":[{"href":"https:\/\/ashdelphin.de\/cms\/wp-json\/wp\/v2\/media?parent=78"}],"curies":[{"name":"wp","href":"https:\/\/api.w.org\/{rel}","templated":true}]}}