{"id":530,"date":"2017-09-12T14:30:45","date_gmt":"2017-09-12T12:30:45","guid":{"rendered":"http:\/\/www.ashdelphin.de\/cms\/home-2\/"},"modified":"2023-01-03T12:12:39","modified_gmt":"2023-01-03T11:12:39","slug":"home-2","status":"publish","type":"page","link":"https:\/\/ashdelphin.de\/cms\/","title":{"rendered":"Home"},"content":{"rendered":"<div class=\"art-content-layout-wrapper layout-item-0\">\n<div class=\"art-content-layout layout-item-1\">\n<div class=\"art-content-layout-row\">\n<div class=\"art-layout-cell layout-item-2\" style=\"width: 100%;\">\n<h4 style=\"text-align: center;\">Jahr f\u00fcr Jahr die Frage ob alles richtig ist&#8230;<\/h4>\n<hr style=\"border: none; background-color: #3dbfd9; color: #3dbfd9; height: 2px;\" \/>\n<h5 style=\"font-weight: bold; color: #ffffff; text-align: center;\"><span style=\"color: #000000;\">Sich Jahr f\u00fcr Jahr durch einen Wust von Steuerformularen und immer wieder ge\u00e4nderte Gesetzesgrundlagen zu k\u00e4mpfen, ist nicht jedermanns Sache.\u00a0<\/span><span style=\"color: #000000;\">Leichter geht\u2019s mit Hilfe von Fachleuten, ohne die jedes Unternehmen sowieso l\u00e4ngst nicht mehr auskommt.<\/span><\/h5>\n<\/div>\n<\/div>\n<\/div>\n<\/div>\n<div class=\"column-group columns-2\">\n<div class=\"column column-number-1 column-span-1\"><h3 style=\"text-align: center; padding-bottom: 10px; border-bottom: 1px solid #c7c7c7;\">Grundlagen<\/h3>\n<h3 style=\"text-align: center; padding-bottom: 10px; border-bottom: 1px solid #c7c7c7;\"><img loading=\"lazy\" decoding=\"async\" class=\"alignnone wp-image-586\" src=\"http:\/\/www.ashdelphin.de\/cms\/wp-content\/uploads\/2017\/09\/law-447487_960_720-300x200.jpg\" alt=\"\" width=\"320\" height=\"213\" srcset=\"https:\/\/ashdelphin.de\/cms\/wp-content\/uploads\/2017\/09\/law-447487_960_720-300x200.jpg 300w, https:\/\/ashdelphin.de\/cms\/wp-content\/uploads\/2017\/09\/law-447487_960_720-768x512.jpg 768w, https:\/\/ashdelphin.de\/cms\/wp-content\/uploads\/2017\/09\/law-447487_960_720.jpg 960w\" sizes=\"auto, (max-width: 320px) 100vw, 320px\" \/><\/h3>\n<p class=\"pages\" style=\"text-align: justify;\"><strong><span style=\"-webkit-border-horizontal-spacing: 2px; -webkit-border-vertical-spacing: 2px;\">Wen beraten wir?<\/span><\/strong><\/p>\n<p class=\"pages\"><span style=\"-webkit-border-horizontal-spacing: 2px; -webkit-border-vertical-spacing: 2px;\">Bei der Einkommensteuererkl\u00e4rung,<\/span><\/p>\n<p><strong>NEUERUNG AB DEM VZ 2022: PV-Anlagen mit einer Leistung bis 30kw!<\/strong><\/p>\n<p class=\"pages\"><span style=\"-webkit-border-horizontal-spacing: 2px; -webkit-border-vertical-spacing: 2px;\">dar\u00fcber hinaus :<br \/>\na) wenn nur Eink\u00fcnfte vorliegen<br \/>\n\u2022\u00a0<span class=\"subheadline\">aus nichtselbst\u00e4ndiger Arbeit<\/span>\u00a0(z. Bsp. Arbeitnehmer, Mini-Jobs)<br \/>\n\u2022\u00a0<span class=\"subheadline\">aus wiederkehrenden Bez\u00fcgen<\/span>\u00a0(zum Beispiel Rente) und\/oder<br \/>\n\u2022\u00a0<span class=\"subheadline\">aus Unterhaltsleistungen<\/span><\/span><\/p>\n<p class=\"pages\">b) und\/oder Eink\u00fcnfte<br \/>\n\u2022\u00a0<span class=\"subheadline\">aus Kapitalverm\u00f6gen<\/span>\u00a0(zum Beispiel Zinsen)<br \/>\n\u2022\u00a0<span class=\"subheadline\">aus Vermietung und Verpachtung<\/span>\u00a0(z. Bsp. Ein-oder \u00a0\u00a0Mehfamilienhaus oder Eigentumswohnung\/en)<br \/>\n\u2022\u00a0<span class=\"subheadline\">aus privaten Ver\u00e4u\u00dferungsgesch\u00e4ften\u00a0<\/span>und die Einnahmen aus diesen letzten drei Einkunftsarten insgesamt 18.000 \u20ac bei Alleinstehenden bzw. 36.000 \u20ac bei der Zusammenveranlagung von Ehegatten nicht \u00fcbersteigen.<\/p>\n<\/div>\n<div class=\"column column-number-2 last column-span-1\"><h3 style=\"text-align: center; padding-bottom: 10px; border-bottom: 1px solid #c7c7c7;\">Steuerzahler<\/h3>\n<h3 style=\"text-align: center; padding-bottom: 10px; border-bottom: 1px solid #c7c7c7;\"><img loading=\"lazy\" decoding=\"async\" class=\"alignnone size-medium wp-image-587\" src=\"http:\/\/www.ashdelphin.de\/cms\/wp-content\/uploads\/2017\/09\/family-469580__340-300x213.png\" alt=\"\" width=\"300\" height=\"213\" srcset=\"https:\/\/ashdelphin.de\/cms\/wp-content\/uploads\/2017\/09\/family-469580__340-300x213.png 300w, https:\/\/ashdelphin.de\/cms\/wp-content\/uploads\/2017\/09\/family-469580__340.png 480w\" sizes=\"auto, (max-width: 300px) 100vw, 300px\" \/><\/h3>\n<p class=\"pages\" style=\"text-align: justify;\">Geh\u00f6ren Sie auch zu den Steuerzahlern, die sich nicht immer sicher sind, ob sie alle legalen Steuersparm\u00f6glichkeiten, alle Ihnen zustehenden Verg\u00fcnstigungen und Zulagen ausgesch\u00f6pft sowie die g\u00fcnstigste Lohn-\/Einkommensgestaltung gew\u00e4hlt haben?<\/p>\n<p class=\"pages\" style=\"text-align: justify;\">Dann befinden Sie sich in guter Gesellschaft von rund <strong>94%<\/strong> <strong>aller deutschen\u00a0<\/strong><strong>Steuerzahler<\/strong>, vom Handwerker bis zum Minister, von der Direktorin bis zur Arbeiterin. Denn selbst Fachleute geben zu, das deutsche Steuerrecht nicht in allen Bereichen sattelfest beherrschen zu k\u00f6nnen.<\/p>\n<p class=\"pages\" style=\"text-align: justify;\">Zu schnelllebig sind die gesetzlichen Grundlagen, die sich beinahe j\u00e4hrlich fundamental \u00e4ndern. Zu widerspr\u00fcchlich die Entscheidungen der Gerichte. Zu unentschlossen und wankelm\u00fctig der Gesetzgeber in seinen \u201eReformbem\u00fchungen\u201c. Da v\u00f6llig unstrittig mittlerweile nur hoch spezialisierte Berater in einem abgegrenzten Fachgebiet topfit sind, werden Sie als Arbeiter oder Angestellte bei unseren Beratungsstellen optimal beraten.<\/p>\n<\/div>\n<\/div>\n","protected":false},"excerpt":{"rendered":"<p>Jahr f\u00fcr Jahr die Frage ob alles richtig ist&#8230; Sich Jahr f\u00fcr Jahr durch einen Wust von Steuerformularen und immer wieder ge\u00e4nderte Gesetzesgrundlagen zu k\u00e4mpfen, ist nicht jedermanns Sache.\u00a0Leichter geht\u2019s mit Hilfe von Fachleuten, ohne die jedes Unternehmen sowieso l\u00e4ngst nicht mehr auskommt.<\/p>\n","protected":false},"author":1,"featured_media":0,"parent":0,"menu_order":1,"comment_status":"closed","ping_status":"closed","template":"","meta":{"_acf_changed":false,"footnotes":""},"class_list":["post-530","page","type-page","status-publish","hentry"],"acf":[],"jetpack_sharing_enabled":true,"_links":{"self":[{"href":"https:\/\/ashdelphin.de\/cms\/wp-json\/wp\/v2\/pages\/530","targetHints":{"allow":["GET"]}}],"collection":[{"href":"https:\/\/ashdelphin.de\/cms\/wp-json\/wp\/v2\/pages"}],"about":[{"href":"https:\/\/ashdelphin.de\/cms\/wp-json\/wp\/v2\/types\/page"}],"author":[{"embeddable":true,"href":"https:\/\/ashdelphin.de\/cms\/wp-json\/wp\/v2\/users\/1"}],"replies":[{"embeddable":true,"href":"https:\/\/ashdelphin.de\/cms\/wp-json\/wp\/v2\/comments?post=530"}],"version-history":[{"count":18,"href":"https:\/\/ashdelphin.de\/cms\/wp-json\/wp\/v2\/pages\/530\/revisions"}],"predecessor-version":[{"id":962,"href":"https:\/\/ashdelphin.de\/cms\/wp-json\/wp\/v2\/pages\/530\/revisions\/962"}],"wp:attachment":[{"href":"https:\/\/ashdelphin.de\/cms\/wp-json\/wp\/v2\/media?parent=530"}],"curies":[{"name":"wp","href":"https:\/\/api.w.org\/{rel}","templated":true}]}}